{"id":53,"date":"2025-08-25T00:00:38","date_gmt":"2025-08-24T21:00:38","guid":{"rendered":"http:\/\/lcaskola.fi\/?page_id=53"},"modified":"2025-08-25T09:57:53","modified_gmt":"2025-08-25T06:57:53","slug":"nuorisovaihto","status":"publish","type":"page","link":"https:\/\/lcaskola.fi\/?page_id=53","title":{"rendered":"Nuorisovaihto &#8211; turvallinen ja fiksu tapa tutustua vieraaseen maahan"},"content":{"rendered":"<p style=\"text-align: justify;\">\u00a0 \u00a0 \u00a0 \u00a0 \u00a0 \u00a0 <em><span style=\"font-size: 14pt;\"><strong>P\u00e4ivitetty 24.08.2025<\/strong><\/span><br \/>\n<img loading=\"lazy\" decoding=\"async\" class=\"alignnone wp-image-1094\" src=\"https:\/\/lcaskola.fi\/wp-content\/uploads\/2017\/11\/ye-swan-jpg-pieni_1.png-284x284.png\" alt=\"ye-swan-jpg-pieni_1.png-284x284\" width=\"193\" height=\"193\" srcset=\"https:\/\/lcaskola.fi\/wp-content\/uploads\/2017\/11\/ye-swan-jpg-pieni_1.png-284x284.png 284w, https:\/\/lcaskola.fi\/wp-content\/uploads\/2017\/11\/ye-swan-jpg-pieni_1.png-284x284-150x150.png 150w, https:\/\/lcaskola.fi\/wp-content\/uploads\/2017\/11\/ye-swan-jpg-pieni_1.png-284x284-140x140.png 140w\" sizes=\"auto, (max-width: 193px) 100vw, 193px\" \/><\/em><\/p>\n<p>&nbsp;<\/p>\n<p><span style=\"font-size: 18pt;\"><strong>Oletko kiinnostunut Lions-vaihdosta?<\/strong><\/span><\/p>\n<p><span style=\"font-size: 14pt;\"><strong>Oletko 17-21 -vuotias? Hakuaika vaihtoon k\u00e4ynnistyy syyskuussa ja p\u00e4\u00e4ttyy 15.12.2025, vaihto toteutuu kes\u00e4ll\u00e4 2026.<\/strong><\/span><\/p>\n<p><span style=\"font-size: 14pt;\">Oletko valmis aloittamaan seikkailun, joka saattaa muuttaa el\u00e4m\u00e4si? Oletko kiinnostunut muista kulttuureista ja el\u00e4m\u00e4ntavoista? Haluatko kehitt\u00e4\u00e4 taitojasi toisella kielell\u00e4? Haluatko l\u00f6yt\u00e4\u00e4 uusia yst\u00e4vyyssuhteita nuorten kanssa, joilla on erilainen tausta, uskomukset ja tavat kuin sinulla? Nuorisoleirit ja nuorisovaihto (YCE) -ohjelma voi olla mahdollisuus, jota etsit.<\/span><\/p>\n<p><span style=\"font-size: 14pt;\"><strong>Mit\u00e4 odottaa?<\/strong><\/span><\/p>\n<p><span style=\"font-size: 14pt;\">YCE-vaihtonuorena el\u00e4t perheess\u00e4 toisessa maassa ja nuorisoleireill\u00e4 tapaat ik\u00e4isi\u00e4si nuoria ymp\u00e4ri maailman. Edustat kotimaatasi ja jaat omaa kulttuuriasi samalla, kun opit uusista kulttuureista. Is\u00e4nt\u00e4perheesi kohtelee sinua perheenj\u00e4senen\u00e4 ja tarjoaa sinulle majoituksen ja ateriat. Osallistut sosiaaliseen toimintaan, mahdollisesti palveluhankkeisiin ja teet vierailuja kiinnostaviin kulttuuripaikkoihin.<\/span><\/p>\n<p><span style=\"font-size: 14pt;\">Hae vaihtoon klubimme nuorisovaihto-asiamiehen kautta. H\u00e4n kertoo sinulle vaihtoon liittyvist\u00e5 asioista sek\u00e4 nuorisovaihto-ohjelmamme yleisist\u00e4 periaatteista.<\/span><\/p>\n<div dir=\"auto\">\n<p><span style=\"color: #000000; font-size: 14pt;\">LC Askola tarjoaa mahtavan tilaisuuden jollekin 17-21 -vuotiaalle nuorelle <strong>l\u00e4hte\u00e4 kansainv\u00e4liseen nuorisovaihtoon<\/strong>!<\/span><\/p>\n<p>&nbsp;<\/p>\n<\/div>\n<div dir=\"auto\">\n<p><span style=\"color: #000000; font-size: 14pt;\">Vaihto esitell\u00e4\u00e4n Askolan lukiolla. Jos kotoa l\u00f6ytyy reipas, kansainv\u00e4lisyyydest\u00e4 kiinnostunut nuori, joka olisi valmis l\u00e4htem\u00e4\u00e4n kes\u00e4ll\u00e4 2026 mahtavalle retkelle jonnekin p\u00e4in Eurooppaa tai kauemmaskin, niin ole yhteydess\u00e4 LC Askolan vaihtarivastaavaan (Toni.a.tuomala@gmail.com \/ nolla-viis-nolla 5434982 ) &#8211; vaihtojakso sis\u00e4lt\u00e4\u00e4 perhe-jakson (n. viikko) ja leirin (n. 2 viikkoa).<br \/>\nHakemukset saatava lopullisest valmiiksi joulukuun alkuun menness\u00e4.<\/span><\/p>\n<p>&nbsp;<\/p>\n<\/div>\n<div dir=\"auto\"><span style=\"color: #000000; font-size: 14pt;\"><strong>Toinen vaihtoehto<\/strong> on tarjota jollekin kivalle nuorelle mahdollisuus tutustua suomalaiseen el\u00e4m\u00e4\u00e4n toimimalla vaihtari-is\u00e4nt\u00e4perheen\u00e4 (hein\u00e4kuussa n. 10 p\u00e4iv\u00e4n jakso).<\/span><\/div>\n<p style=\"text-align: left;\"><em><br \/>\n<\/em><strong><span style=\"font-size: 14pt;\">Klubi tukee taloudellisesti nuorta matkan kustannuksissa.<\/span><\/strong><br \/>\n<span style=\"font-size: 14pt;\"><br \/>\n<strong><span style=\"color: #ff0000;\">IS\u00c4NT\u00c4PERHE<\/span><\/strong><br \/>\nToisena mahdollisuutena on siis<strong> toimia kotona is\u00e4nt\u00e4perheen\u00e4<\/strong> ulkomaalaiselle nuorelle parin viikon ajan. Sekin on eritt\u00e4in antoisaa ja tarjoaa mahdollisuuden my\u00f6hemmin itse osallistua vaihtoon ulkomaille.<\/span><\/p>\n<p><span style=\"color: #ff0000;\"><strong>Nuorisovaihto &#8211; todellinen vaihtoehto ik\u00e4tovereiden kanssa kansainv\u00e4lisyyteen!<\/strong> <\/span><\/p>\n<div class=\"\" dir=\"auto\">\n<div id=\":rko:\" class=\"x1iorvi4 x1pi30zi x1swvt13 x1l90r2v\" data-ad-comet-preview=\"message\" data-ad-preview=\"message\">\n<div class=\"x78zum5 xdt5ytf xz62fqu x16ldp7u\">\n<div class=\"xu06os2 x1ok221b\">\n<div class=\"x11i5rnm xat24cr x1mh8g0r x1vvkbs xtlvy1s x126k92a\">\n<div dir=\"auto\"><strong><span style=\"font-size: 14pt;\">Haemme is\u00e4nt\u00e4perheit\u00e4 Suomeen saapuville nuorille.<\/span><\/strong><\/div>\n<div dir=\"auto\">\n<p><span style=\"font-size: 14pt;\">Haluaisiko sinun perheesi tai onko sinulla tiedossa perhe joka haluaisi ottaa vastaan nuoren henkil\u00f6n vierailulle ensi hein\u00e4kuussa 2026?<\/span><\/p>\n<p><span style=\"font-size: 14pt;\"><a href=\"https:\/\/www.facebook.com\/lcaskola\"><strong><span style=\"color: #000080;\">LUE MY\u00d6S KLUBIN FACEBOOK-SIVUSTOLTA T\u00c4ST\u00c4!<\/span><\/strong><\/a><\/span><\/p>\n<p><span style=\"font-size: 14pt;\">T\u00e4m\u00e4 on loistava mahdollisuus tutustua toiseen kulttuuriin ja saada unohtumaton kokemus sek\u00e4 antaa perheeseen saapuvalle nuorelle tilaisuuden tutustua perheen mukana suomalaiseen kulttuuriin ja maahan!<\/span><\/p>\n<\/div>\n<\/div>\n<div class=\"x11i5rnm xat24cr x1mh8g0r x1vvkbs xtlvy1s x126k92a\">\n<div dir=\"auto\"><\/div>\n<\/div>\n<div class=\"x11i5rnm xat24cr x1mh8g0r x1vvkbs xtlvy1s x126k92a\">\n<div dir=\"auto\"><strong><span style=\"font-size: 14pt; color: #0000ff;\">Voit kysy\u00e4 lis\u00e4tietoja LC Askolan klubin edustajalta ; Toni nolla-viis-nolla5434982.<\/span><\/strong><\/div>\n<\/div>\n<\/div>\n<\/div>\n<\/div>\n<\/div>\n<div id=\":rkp:\" class=\"x1n2onr6\">\n<div class=\"x1n2onr6\">\n<div class=\"x6s0dn4 x78zum5 xdt5ytf x6ikm8r x10wlt62 x1n2onr6 xh8yej3 x1jx94hy\">\n<div class=\"xqtp20y x6ikm8r x10wlt62 x1n2onr6\">\n<div class=\"x10l6tqk x13vifvy\"><\/div>\n<\/div>\n<\/div>\n<\/div>\n<\/div>\n<div class=\"xua58t2 xzg4506 x1ey2m1c xds687c x47corl x10l6tqk x17qophe x13vifvy\"><\/div>\n<div><\/div>\n<div id=\":rkp:\" class=\"x1n2onr6\">\n<div class=\"x1n2onr6\">\n<div class=\"x1o1ewxj x3x9cwd x1e5q0jg x13rtm0m x1ey2m1c xds687c xg01cxk x47corl x10l6tqk x17qophe x13vifvy x1ebt8du x19991ni x1dhq9h xobhos8\" data-visualcompletion=\"ignore\"><\/div>\n<\/div>\n<\/div>\n<p><span style=\"color: #3366ff; font-size: 18pt;\"><strong>KLUBIN MUUT NUORISOVAIHTO-ASIAMIEHET KAUDELLA 2025-2026<br \/>\n<\/strong><\/span><strong>Jouni Vilkki, jouni.vilkki@hotmail.fi, 0400-995 679<br \/>\nIlkka Leino, ilkkaile.leino@gmail.com, 040-749 9415<\/strong><\/p>\n<p><span style=\"font-size: 14pt;\"><img loading=\"lazy\" decoding=\"async\" class=\"size-full wp-image-73\" src=\"https:\/\/lcaskola.fi\/wp-content\/uploads\/2015\/10\/Nimet\u00f6n-17.png\" alt=\"nuorisologo\" width=\"81\" height=\"80\" \/> <strong><span style=\"font-size: 18pt;\">Infoa Lionsliiton nuorisovaihdosta:<\/span><\/strong>\u00a0<span style=\"font-size: 18pt;\"><a href=\"https:\/\/www.lions.fi\/toiminta\/lapset-ja-nuoret\/nuorisovaihto\/\"><strong><span style=\"color: #0000ff;\">Klikkaa t\u00e4st\u00e4!<\/span><\/strong><\/a><\/span><\/span><\/p>\n<p style=\"text-align: left;\"><span style=\"font-size: 24pt; color: #ff0000;\"><strong>TUNNELMIA PORTUGALISTA<\/strong><\/span><br \/>\n<span style=\"font-size: 18pt;\"><strong>2022<br \/>\n<img loading=\"lazy\" decoding=\"async\" class=\"alignnone size-full wp-image-4030\" src=\"https:\/\/lcaskola.fi\/wp-content\/uploads\/2023\/05\/katjaF-kaveritx700.jpg\" alt=\"\" width=\"700\" height=\"467\" srcset=\"https:\/\/lcaskola.fi\/wp-content\/uploads\/2023\/05\/katjaF-kaveritx700.jpg 700w, https:\/\/lcaskola.fi\/wp-content\/uploads\/2023\/05\/katjaF-kaveritx700-300x200.jpg 300w\" sizes=\"auto, (max-width: 700px) 100vw, 700px\" \/><\/strong><\/span><em><strong><span style=\"font-size: 14pt;\">Katja Korsstr\u00f6m oli kes\u00e4ll\u00e4 2022 kolmen viikon nuorisovaihdossa Portugalissa. Ensimm\u00e4inen viikko kului is\u00e4nt\u00e4perheess\u00e4 Fafessa ja viimeiset kaksi viikkoa kansainv\u00e4lisell\u00e4 leirill\u00e4 Tochassa. Leiril\u00e4isi\u00e4 oli 15 eri maasta ja nelj\u00e4st\u00e4 eri maanosasta, joten Portugalin lis\u00e4ksi p\u00e4\u00e4si tutustumaan my\u00f6s usean muun maan kieleen ja kulttuuriin.<br \/>\n<img loading=\"lazy\" decoding=\"async\" class=\"alignnone size-full wp-image-4031\" src=\"https:\/\/lcaskola.fi\/wp-content\/uploads\/2023\/05\/2022ryhmax700.jpg\" alt=\"\" width=\"700\" height=\"526\" srcset=\"https:\/\/lcaskola.fi\/wp-content\/uploads\/2023\/05\/2022ryhmax700.jpg 700w, https:\/\/lcaskola.fi\/wp-content\/uploads\/2023\/05\/2022ryhmax700-300x225.jpg 300w\" sizes=\"auto, (max-width: 700px) 100vw, 700px\" \/><br \/>\nPortugalin porukka yhdess\u00e4 lippuineen.<br \/>\n<\/span><\/strong><\/em><\/p>\n<p style=\"text-align: center;\"><img loading=\"lazy\" decoding=\"async\" class=\"alignnone size-full wp-image-1001\" src=\"https:\/\/lcaskola.fi\/wp-content\/uploads\/2017\/06\/lionline.gif\" alt=\"\" width=\"500\" height=\"41\" \/><\/p>\n<p style=\"text-align: center;\">\u00a0<span style=\"font-size: 24pt;\"><strong><span style=\"color: #ff0000;\">AARO ANTIN OSALLISTUI\u00a0 NUORISOVAIHTOON F\u00c4\u00c4RSAARILLA KES\u00c4LL\u00c4 2016<\/span><\/strong><\/span><br \/>\n<img loading=\"lazy\" decoding=\"async\" class=\"alignnone size-full wp-image-773\" src=\"https:\/\/lcaskola.fi\/wp-content\/uploads\/2017\/04\/aaroantin20.4.17.jpg\" alt=\"aaroantin20.4.17\" width=\"400\" height=\"225\" srcset=\"https:\/\/lcaskola.fi\/wp-content\/uploads\/2017\/04\/aaroantin20.4.17.jpg 400w, https:\/\/lcaskola.fi\/wp-content\/uploads\/2017\/04\/aaroantin20.4.17-300x169.jpg 300w\" sizes=\"auto, (max-width: 400px) 100vw, 400px\" \/><\/p>\n<p style=\"text-align: center;\"><span style=\"color: #0000ff;\"><span style=\"color: #000000;\">&#8212;&#8212;&#8212;&#8212;&#8212;&#8212;&#8212;&#8212;&#8212;&#8212;&#8212;&#8212;&#8212;&#8212;&#8212;&#8212;&#8212;&#8212;&#8212;&#8212;&#8211;<\/span><\/span><\/p>\n<p style=\"text-align: center;\"><strong><span style=\"color: #ff0000; font-size: 18pt;\">CAROLINA STENB\u00c4CK K\u00c4VI KES\u00c4LL\u00c4 2016 RUOTSISSA<\/span><\/strong><\/p>\n<p style=\"text-align: center;\"><img loading=\"lazy\" decoding=\"async\" class=\"size-full wp-image-447 aligncenter\" src=\"https:\/\/lcaskola.fi\/wp-content\/uploads\/2015\/09\/stenb\u00e4ck2016_11a.jpg\" alt=\"stenback2016_11a\" width=\"600\" height=\"450\" srcset=\"https:\/\/lcaskola.fi\/wp-content\/uploads\/2015\/09\/stenb\u00e4ck2016_11a.jpg 600w, https:\/\/lcaskola.fi\/wp-content\/uploads\/2015\/09\/stenb\u00e4ck2016_11a-300x225.jpg 300w\" sizes=\"auto, (max-width: 600px) 100vw, 600px\" \/><em><strong>Carolina<\/strong><\/em> <strong><em>Stenb\u00e4ck vieraili Ruotsin Anebyss\u00e4 kes\u00e4ll\u00e4 2016. Vierailu naapurimaassa oli varsin<\/em><\/strong><br \/>\n<strong><em>antoisa ja ruotsin kielen harjoitus oli tehokasta perhemajoituksessa. Lopuksi kansainv\u00e4liselt\u00e4 nuorisoleirilt\u00e4 sai viel\u00e4 lis\u00e4\u00e4 uusia yst\u00e4vi\u00e4 ymp\u00e4ri maailmaa.<\/em><\/strong><\/p>\n<p><strong><span style=\"color: #ff0000; font-size: 18pt;\">KANSAINV\u00c4LINEN LEIRI PORVOOSSA &#8211; NUORI TURKISTA PERHE ANTININ LUONA MONNINKYL\u00c4SS\u00c4<\/span><\/strong><\/p>\n<p style=\"text-align: center;\"><img loading=\"lazy\" decoding=\"async\" class=\"alignnone size-full wp-image-339\" src=\"https:\/\/lcaskola.fi\/wp-content\/uploads\/2016\/08\/leiriryhma2016_porvoo600.jpg\" alt=\"leiriryhma2016_porvoo600\" width=\"600\" height=\"450\" srcset=\"https:\/\/lcaskola.fi\/wp-content\/uploads\/2016\/08\/leiriryhma2016_porvoo600.jpg 600w, https:\/\/lcaskola.fi\/wp-content\/uploads\/2016\/08\/leiriryhma2016_porvoo600-300x225.jpg 300w\" sizes=\"auto, (max-width: 600px) 100vw, 600px\" \/><br \/>\n<strong><em>Porvoossa pidettiin kes\u00e4ll\u00e4 2016 kansainv\u00e4linen nuorisoleiri:<\/em><\/strong><br \/>\n<strong><em>Perhe Antinin luona vieraili \u00a0ryhm\u00e4st\u00e4 viikon ajan\u00a0Basak Kosanay ( takarivi vas) Turkista.<br \/>\n<img loading=\"lazy\" decoding=\"async\" class=\"alignnone size-full wp-image-343\" src=\"https:\/\/lcaskola.fi\/wp-content\/uploads\/2016\/08\/bioenergia_porvoo2016.jpg\" alt=\"bioenergia_porvoo2016\" width=\"300\" height=\"200\" \/>\u00a0<img loading=\"lazy\" decoding=\"async\" class=\"alignnone size-full wp-image-345\" src=\"https:\/\/lcaskola.fi\/wp-content\/uploads\/2016\/08\/minigolftytot_porvoo2016.jpg\" alt=\"minigolftytot_porvoo2016\" width=\"300\" height=\"225\" \/><br \/>\nLeiril\u00e4iset k\u00e4viv\u00e4t mm. Vantaalla tutustumassa uuteen bioenergialaitokseen ja Porvoossa<br \/>\npelattiin minigolfia.<br \/>\n<\/em><\/strong><\/p>\n<hr \/>\n<p style=\"text-align: center;\"><img loading=\"lazy\" decoding=\"async\" class=\"alignnone size-full wp-image-340\" src=\"https:\/\/lcaskola.fi\/wp-content\/uploads\/2016\/08\/farsaaret2016_600.jpg\" alt=\"farsaaret2016_600\" width=\"600\" height=\"400\" srcset=\"https:\/\/lcaskola.fi\/wp-content\/uploads\/2016\/08\/farsaaret2016_600.jpg 600w, https:\/\/lcaskola.fi\/wp-content\/uploads\/2016\/08\/farsaaret2016_600-300x200.jpg 300w\" sizes=\"auto, (max-width: 600px) 100vw, 600px\" \/><br \/>\n<strong><em>Aaro Antin vietti nuorisovaihtokes\u00e4n 2016 \u00a0F\u00e4rsaarilla, oik.ylh.<\/em><\/strong><\/p>\n<p><a href=\"https:\/\/lcaskola.fi\/wp-content\/uploads\/2015\/09\/won.gif\"><img loading=\"lazy\" decoding=\"async\" class=\"alignnone size-full wp-image-97\" src=\"https:\/\/lcaskola.fi\/wp-content\/uploads\/2015\/09\/won.gif\" alt=\"won\" width=\"99\" height=\"99\" \/><\/a><a href=\"https:\/\/lcaskola.fi\/wp-content\/uploads\/2015\/09\/anlion13.gif\"><img loading=\"lazy\" decoding=\"async\" class=\"alignnone size-full wp-image-99\" src=\"https:\/\/lcaskola.fi\/wp-content\/uploads\/2015\/09\/anlion13.gif\" alt=\"We serve\" width=\"257\" height=\"51\" \/><\/a><\/p>\n<p><span style=\"font-size: 24pt;\"><strong><span style=\"color: #ff0000;\">NUORISOVAIHTO ON HAUSKAA JA ANTOISAA!<\/span><\/strong><\/span><br \/>\n<span style=\"font-size: 24pt;\"><strong>Tule mukaan! \ud83d\ude42 \u00a0<\/strong><\/span><\/p>\n<p><span style=\"font-size: 14pt;\"><strong><span style=\"color: #ff0000;\">HETI ALKUSYKSYST\u00c4 ALKAA\u00a0 AINA VALMISTELU SEURAAVAN KES\u00c4N NUORISOVAIHTOON. LUE LIS\u00c4\u00c4 T\u00c4ST\u00c4:<\/span><\/strong><\/span><\/p>\n<p align=\"center\"><b><span style=\"font-size: xx-large;\">HAKUPROSESSIN KUVAUS<\/span><\/b><span style=\"font-size: x-large;\"><b><i><br \/>\n<\/i><\/b><\/span><\/p>\n<div dir=\"ltr\">\n<div><b><span style=\"font-size: x-large;\">Vaihe 1<\/span><\/b><\/div>\n<div>&#8211; tee meille heti alkusyksyst\u00e4 vapaamuotoinen hakemus. L\u00e4het\u00e4 se nuorisoasiamiehellemme. Voit jo ennen sit\u00e4 olla puhelimitse tai s\u00e4hk\u00f6postilla h\u00e4neen yhteydess\u00e4 lis\u00e4tietojen saamiseksi.<\/div>\n<div>&#8211; t\u00e4yt\u00e4 my\u00f6s lokakuussa ilmestyv\u00e4 lionsliiton hakulomake ekalta sivulta, niin tied\u00e4mme mihin kohdemaahan haluaisit l\u00e4hte\u00e4<\/div>\n<div>&#8211; mik\u00e4li k\u00e4yt Askolan lukiota, j\u00e4t\u00e4 t\u00e4ytetyt lomakkeet lukion kansliaan ja l\u00e4het\u00e4 ne my\u00f6s meille s\u00e4hk\u00f6isesti. Jos olet koulussa muualla, l\u00e4het\u00e4 meille aineistot s\u00e4hk\u00f6isesti.<\/div>\n<div>\n<p><span style=\"color: #ff0000;\"><strong>Tee n\u00e4m\u00e4 asiat 14.12.2025 menness\u00e4<\/strong>.<\/span> Olemme sen j\u00e4lkeen sinuun yhteydess\u00e4.<br \/>\nAvustamme mielell\u00e4\u00e4n hakemusasioissa. Ota yhteys Toni Tuomalaan.<\/p>\n<p><b><span style=\"font-size: x-large;\">HAKULOMAKE (application form) julkaistaan lokakuun puoliv\u00e4liss\u00e4. L\u00f6yd\u00e4t sen lokakuussa <a href=\"https:\/\/www.lions.fi\/site\/assets\/files\/37824\/application_form_2025_europe_en.xlsx\"><span style=\"color: #0000ff;\">t\u00e4st\u00e4!<\/span><\/a><\/span><\/b><\/p>\n<p><span style=\"font-size: x-large;\"><b>Vaihe 2<br \/>\n&#8211; <\/b><\/span>klubi k\u00e4sittelee saapuneet anomukset ja tarkentaa<br \/>\nyhdess\u00e4 hakijoiden kanssa hakemusissa esitettyj\u00e4 toivomuksia.<br \/>\n&#8211; T\u00e4m\u00e4n j\u00e4lkeen tapahtuu klubin lopullinen valinta viel\u00e4 ennen joulua.<br \/>\n&#8211; Valitut hakemukset l\u00e4hetet\u00e4\u00e4n sitten Suomen lionsliiton k\u00e4sittelyyn vuodenvaihteeseen menness\u00e4.<br \/>\n&#8211; Suomen lionsliitto valitsee lopullisesti kaikki l\u00e4htij\u00e4t, kun ulkomaiset yhteydet ( perheet ja leirit) on saatu vahvistettua alkuvuodesta. Sitten selvi\u00e4\u00e4 minne lopulta hakija<br \/>\np\u00e4\u00e4see nuorisovaihtoon.<br \/>\n&#8211; Kev\u00e4\u00e4n kuluessa valituille j\u00e4rjestet\u00e4\u00e4n informaatiotilaisuuksia niin klubin kuin lionsliiton toimesta.<br \/>\n&#8211; Sin\u00e4 ja perheesi vaihtaa varmaankin kuulumisia kohdeperheen kanssa jo ennen matkaa kirjeitse tai s\u00e4hk\u00f6postilla.<br \/>\n&#8211; Klubi on tukenasi kaikissa ennakkoj\u00e4rjestelyiss\u00e4.<br \/>\n<b><span style=\"font-size: x-large;\">Vaihe 3<\/span><\/b><br \/>\n&#8211; Kes\u00e4ll\u00e4\u00a0 alkaa sitten unelmamatka tutustumaan vieraaseen el\u00e4m\u00e4n menoon ja kieleen.<br \/>\n&#8211; Uusia yst\u00e4vi\u00e4 tulee leirill\u00e4 tutuksi eri puolilta maailmaa ja vaihtoperheest\u00e4 kehittyy hyvinkin sinun ja oman perheesi pysyv\u00e4 tuttavaperhe kohdemaassa.<br \/>\n&#8211; Sinusta on vaivihkaa kehittym\u00e4ss\u00e4 kansainv\u00e4liseen kanssak\u00e4ymiseen harjaantunut persoona. Se kantaa el\u00e4m\u00e4ss\u00e4si pitk\u00e4lle. Lykky\u00e4 tyk\u00f6!<\/p>\n<p><strong><span style=\"color: #ff0000;\">OTA ENSIMM\u00c4INEN YHTEYS NUORISOVAIHTOASIAMIEHEEMME S\u00c4HK\u00d6POSTILLA <\/span><\/strong><strong><span style=\"color: #ff0000;\">NIIN AUTAMME MIELELL\u00c4MME<\/span><\/strong><br \/>\n<strong> <span style=\"color: #ff0000;\"> LOMAKKEIDEN T\u00c4YTT\u00c4MISESS\u00c4 JA ANNAMME LIS\u00c4INFOA!!<\/span><\/strong><\/p>\n<\/div>\n<\/div>\n<hr \/>\n<table>\n<tbody>\n<tr>\n<td style=\"text-align: center; background-color: #f2e30a;\">\n<p align=\"center\"><u><span style=\"color: #ff0000; font-size: 300%;\"><b>VAIHTOEHTO:<\/b><\/span><\/u><\/p>\n<p align=\"center\"><b><span style=\"font-size: x-large;\"><u><span style=\"color: #ff0000;\">HAE IS\u00c4NT\u00c4PERHEEKSI!<br \/>\n<\/span><\/u> <i><\/i><\/span><\/b><\/p>\n<p style=\"text-align: center;\"><span style=\"color: #ff0000; font-size: 18pt;\"><span style=\"font-size: 24pt;\">IS\u00c4NT\u00c4PERHE ON HYV\u00c4 VAIHTOEHTO!<\/span><\/span><\/p>\n<p align=\"center\"><span style=\"color: #ff0000; font-size: x-large;\"><b><i>OTA YHTEYTT\u00c4 NUORISOVAIHTO-<br \/>\nASIAMIEHEEMME HAKEAKSESI<br \/>\nIS\u00c4NT\u00c4PERHEEKSI<br \/>\nULKOMAISELLE NUORELLE KOTONASI.<br \/>\n<span style=\"text-decoration: underline;\">Hakuaika is\u00e4nt\u00e4perheeksi on maaliskuun loppuun asti.<\/span><br \/>\n<\/i><\/b><\/span><\/p>\n<p align=\"center\"><span style=\"font-size: 14pt; color: #0000ff;\"><span style=\"color: #000000;\"><strong>Hakemuslomake is\u00e4nt\u00e4perheeksi l\u00f6ytyy B-piirin nettisivuilta:<\/strong><\/span> <strong><span style=\"font-size: 18pt;\"><a class=\"x1i10hfl xjbqb8w x6umtig x1b1mbwd xaqea5y xav7gou x9f619 x1ypdohk xt0psk2 xe8uvvx xdj266r x11i5rnm xat24cr x1mh8g0r xexx8yu x4uap5 x18d9i69 xkhd6sd x16tdsg8 x1hl2dhg xggy1nq x1a2a7pz xt0b8zv x1fey0fg\" style=\"color: #0000ff;\" tabindex=\"0\" role=\"link\" href=\"https:\/\/l.facebook.com\/l.php?u=https%3A%2F%2Fjellona.info%2Ftoiminta%2Fnuorisovaihto%2F%3Ffbclid%3DIwAR0WSxLWkZdZ5Bad_UUGgjk8FnKbVNadxKS2D--g9e1FeTkX4g1uEmyD3iQ&amp;h=AT1_xZcg7-hsweLfe5ChXZgkL8LUs7rVJYXA1kbHnKA83jA-xz0QJUaZvjK7g-G9kD1jjEJ6iB9xco2sZ-AHklhkYE7SHTFxXl9nRb1zqfMe1eKq0kmsU5Z4EqU-Ltm69Dpj&amp;__tn__=-UK-R&amp;c[0]=AT1Y_ttN-yOjFuvC-lBXYRmhlQfETLjZkPvXg25PCSdcwmTceZol8p9wLOqUkk2l822DcoWUvuya-juMCuGFojkHQB89PO4fnBHFhETYQbxq0pp90qbqga8TxCrL5rBaqIB2rO9T3UP_y5bi8aeNBcOU7LOs6I-MLxgNbho4nkF5Ack2AmK84B-1JGIuNiCFE8yt_q3Et_Ib1YN4\" target=\"_blank\" rel=\"nofollow noopener\">https:\/\/jellona.info\/toiminta\/nuorisovaihto\/<\/a><\/span><\/strong><\/span><\/p>\n<p align=\"center\"><span style=\"color: #ff0000; font-size: x-large;\"><b><i> Is\u00e4nt\u00e4perheen\u00e4 toimineen perheen nuori on etuoikeutettu p\u00e4\u00e4sem\u00e4\u00e4n ulkomaanvaihtoon seuraavana vuonna!<\/i><\/b><\/span><\/p>\n<\/td>\n<\/tr>\n<\/tbody>\n<\/table>\n<p align=\"center\"><span style=\"color: #ff0000; font-size: x-large;\"><b><i>\u00a0<\/i><\/b><\/span><\/p>\n<p align=\"center\"><span style=\"color: #ff0000; font-size: x-large;\"><b>HUOM<\/b><\/span><b><i><span style=\"color: #ff0000; font-size: x-large;\">:<br \/>\n<\/span><span style=\"color: #ff0000; font-size: 14pt;\">Klubin nuorisovaihtoon voivat hakea vain<br \/>\n<u>Askolan tai Pukkilan kunnissa<\/u> kirjoilla olevat<br \/>\nhakuehdot t\u00e4ytt\u00e4v\u00e4t nuoret.<\/span><\/i><\/b><\/p>\n<p align=\"center\"><b><i><span style=\"color: #ff0000;\"><br \/>\n(Jos et ole kirjoilla Askolassa tai Pukkilassa<br \/>\nota yhteytt\u00e4 oman paikkakuntasi lionsklubiin.)<\/span><\/i><\/b><\/p>\n<p align=\"center\"><b><i><span style=\"color: #ff0000; font-size: x-large;\"><br \/>\n<\/span><span style=\"color: #ff0000;\">Lis\u00e4tietoja n\u00e4ilt\u00e4 sivuilta ja Suomen lionsliiton<br \/>\nsivuilta sek\u00e4 nuorisovaihtoasiamiehilt\u00e4mme.<\/span><span style=\"color: #ff0000; font-size: x-large;\"><br \/>\n<span style=\"font-size: 18pt;\">Ota yhteytt\u00e4! &#8211; Se kannattaa!<\/span><br \/>\n<\/span><\/i><\/b><\/p>\n<p style=\"text-align: center;\"><span style=\"font-size: 18pt;\"><i><b>Nuorisovaihto on antoisaa ja avartavaa<br \/>\nkieliharjoitusta molemmille osapuolille!<\/b><\/i><\/span><\/p>\n<p style=\"text-align: center;\"><span style=\"color: #ff0000;\"><span style=\"font-size: x-large;\">Tukenasi<br \/>\n<\/span><b><span style=\"font-size: 300%;\">Lions Club Askola<\/span><\/b><\/span><br \/>\n<b><i><span style=\"color: #ff0000;\">Kauttamme on turvallista hakeutua vaihtoon ja klubimme tukee my\u00f6s taloudellisesti vaihtoasi!<\/span><br \/>\n<\/i><\/b><\/p>\n<p style=\"text-align: center;\"><img loading=\"lazy\" decoding=\"async\" class=\"alignnone size-full wp-image-1001\" src=\"https:\/\/lcaskola.fi\/wp-content\/uploads\/2017\/06\/lionline.gif\" alt=\"lionline\" width=\"500\" height=\"41\" \/><\/p>\n<hr \/>\n<p align=\"center\"><u><b><span style=\"font-size: 300%;\">Esimerkki vuodelta 2014<\/span><\/b><\/u><\/p>\n<div dir=\"ltr\">\n<div>\n<p><span style=\"font-size: large;\"><b>Kes\u00e4n 2014<\/b><\/span><b><span style=\"font-size: large;\"> nuorisovaihtoon ulkomaille valittiin 3 nuorta, jotka olivat nuorisovaihdossa Australiassa, Brasiliassa ja USA:ssa. <\/span><\/b><b><span style=\"font-size: large;\">My\u00f6s Askolaan saimme vastaavasti ulkomaisia vieraita. Kaksi nuorta vieraili 2 viikkoa kunnassamme, kunnes sitten siirtyiv\u00e4t lionsliiton nuorisoleirille <u><\/u>M\u00e4ntyharjussa, mihin osallistuivat my\u00f6s kaikki muut eri perheiss\u00e4 alueellamme vieraillet ulkomaiset nuoret. Leirit joita j\u00e4rjestet\u00e4\u00e4n vuosittain muuallakin Suomessa ovat eritt\u00e4in suosittuja kansainv\u00e4lisi\u00e4 tapaamisia.<\/span><\/b><\/p>\n<p><img loading=\"lazy\" decoding=\"async\" class=\"alignnone size-full wp-image-342\" src=\"https:\/\/lcaskola.fi\/wp-content\/uploads\/2016\/08\/2014_australia1.jpg\" alt=\"2014_australia1\" width=\"600\" height=\"400\" srcset=\"https:\/\/lcaskola.fi\/wp-content\/uploads\/2016\/08\/2014_australia1.jpg 600w, https:\/\/lcaskola.fi\/wp-content\/uploads\/2016\/08\/2014_australia1-300x200.jpg 300w\" sizes=\"auto, (max-width: 600px) 100vw, 600px\" \/><br \/>\nKes\u00e4ll\u00e4 2014 Anne Antin(vas) k\u00e4vi nuorisovaihdossa per\u00e4ti Australiassa asti. Komeita<br \/>\nrantoja Australiassa riitti loputtomii<\/p>\n<p style=\"text-align: center;\"><span style=\"color: #ff0000; font-size: 24pt;\"><strong>\u00a0<\/strong><\/span><\/p>\n<p><img loading=\"lazy\" decoding=\"async\" class=\"size-full wp-image-73 aligncenter\" src=\"https:\/\/lcaskola.fi\/wp-content\/uploads\/2015\/10\/Nimet\u00f6n-17.png\" alt=\"nuorisologo\" width=\"81\" height=\"80\" \/><\/p>\n<p style=\"text-align: center;\"><span style=\"color: #0000ff;\"><strong><span style=\"font-size: 18pt;\">LIONS CLUB ASKOLA<\/span><\/strong><\/span><br \/>\n<span style=\"color: #0000ff;\"><strong><span style=\"font-size: 18pt;\">Nuorisovaihto<\/span><\/strong><\/span><\/p>\n<\/div>\n<\/div>\n","protected":false},"excerpt":{"rendered":"<p>\u00a0 \u00a0 \u00a0 \u00a0 \u00a0 \u00a0 P\u00e4ivitetty 24.08.2025 &nbsp; Oletko kiinnostunut Lions-vaihdosta? Oletko 17-21 -vuotias? Hakuaika vaihtoon k\u00e4ynnistyy syyskuussa ja p\u00e4\u00e4ttyy 15.12.2025, vaihto toteutuu kes\u00e4ll\u00e4 2026. Oletko valmis aloittamaan seikkailun, joka saattaa muuttaa el\u00e4m\u00e4si? Oletko kiinnostunut muista kulttuureista ja el\u00e4m\u00e4ntavoista? Haluatko kehitt\u00e4\u00e4 taitojasi toisella kielell\u00e4? Haluatko l\u00f6yt\u00e4\u00e4 uusia yst\u00e4vyyssuhteita nuorten kanssa, joilla on erilainen tausta,&hellip; <\/p>\n<p class=\"toivo-read-more\"><a href=\"https:\/\/lcaskola.fi\/?page_id=53\" class=\"more-link\">Lue lis\u00e4\u00e4 <span class=\"screen-reader-text\">Nuorisovaihto &#8211; turvallinen ja fiksu tapa tutustua vieraaseen maahan<\/span><\/a><\/p>\n","protected":false},"author":1,"featured_media":0,"parent":0,"menu_order":1,"comment_status":"closed","ping_status":"closed","template":"","meta":{"footnotes":""},"class_list":{"0":"post-53","1":"page","2":"type-page","3":"status-publish","5":"entry"},"_links":{"self":[{"href":"https:\/\/lcaskola.fi\/index.php?rest_route=\/wp\/v2\/pages\/53","targetHints":{"allow":["GET"]}}],"collection":[{"href":"https:\/\/lcaskola.fi\/index.php?rest_route=\/wp\/v2\/pages"}],"about":[{"href":"https:\/\/lcaskola.fi\/index.php?rest_route=\/wp\/v2\/types\/page"}],"author":[{"embeddable":true,"href":"https:\/\/lcaskola.fi\/index.php?rest_route=\/wp\/v2\/users\/1"}],"replies":[{"embeddable":true,"href":"https:\/\/lcaskola.fi\/index.php?rest_route=%2Fwp%2Fv2%2Fcomments&post=53"}],"version-history":[{"count":96,"href":"https:\/\/lcaskola.fi\/index.php?rest_route=\/wp\/v2\/pages\/53\/revisions"}],"predecessor-version":[{"id":4494,"href":"https:\/\/lcaskola.fi\/index.php?rest_route=\/wp\/v2\/pages\/53\/revisions\/4494"}],"wp:attachment":[{"href":"https:\/\/lcaskola.fi\/index.php?rest_route=%2Fwp%2Fv2%2Fmedia&parent=53"}],"curies":[{"name":"wp","href":"https:\/\/api.w.org\/{rel}","templated":true}]}}